{"id":13245,"date":"2022-03-15T13:00:59","date_gmt":"2022-03-15T10:00:59","guid":{"rendered":"https:\/\/garo.org.tr\/home\/?page_id=13245"},"modified":"2025-02-09T15:47:51","modified_gmt":"2025-02-09T12:47:51","slug":"elementor-13245","status":"publish","type":"page","link":"https:\/\/garo.org.tr\/home\/elementor-13245\/","title":{"rendered":"\u00dcyeler"},"content":{"rendered":"<table border=\"2\" width=\"100%\" frame=\"box\" rules=\"all\" cellspacing=\"0\" cellpadding=\"2\" align=\"center\">\n<thead style=\"font-weight: bold; font-size: 1.1em;\">\n<tr>\n<td>ADI<\/td>\n<td>SOYADI<\/td>\n<td>D\u0130LLER\u0130<\/td>\n<td>&nbsp;<\/td>\n<\/tr>\n<\/thead>\n<tbody>\n<tr>\n<td>Adem<\/td>\n<td>G\u00dcL<\/td>\n<td>\u0130ngilizce Rus\u00e7a<\/td>\n<td>\u0130nfo<\/td>\n<\/tr>\n<tr>\n<td>Adeviye Hale<\/td>\n<td>R\u00dcSTEMO\u011eLU<\/td>\n<td>\u0130ngilizce<\/td>\n<td>\u0130nfo<\/td>\n<\/tr>\n<tr>\n<td>Ahmet<\/td>\n<td>BOZAK<\/td>\n<td>\u0130ngilizce<\/td>\n<td>\u0130nfo<\/td>\n<\/tr>\n<tr>\n<td>Ahmet<\/td>\n<td>\u00d6ZDEM\u0130R<\/td>\n<td>\u0130ngilzce<\/td>\n<td>\u0130nfo<\/td>\n<\/tr>\n<tr>\n<td>Ahmet<\/td>\n<td>PANCAR<\/td>\n<td>Almanca<\/td>\n<td>\u0130nfo<\/td>\n<\/tr>\n<tr>\n<td>Ahmet<\/td>\n<td>ERTA\u015e<\/td>\n<td>\u0130ngilizce<\/td>\n<td>\u0130nfo<\/td>\n<\/tr>\n<tr>\n<td>Ahmet<\/td>\n<td>URHAN<\/td>\n<td>Arap\u00e7a<\/td>\n<td>\u0130nfo<\/td>\n<\/tr>\n<tr>\n<td>Albora Turgut<\/td>\n<td>G\u00dcNG\u00d6R<\/td>\n<td>\u0130ngilizce<\/td>\n<td>\u0130nfo<\/td>\n<\/tr>\n<tr>\n<td>Ali<\/td>\n<td>VEL\u0130O\u011eLU<\/td>\n<td>\u0130ngilizce<\/td>\n<td>\u0130nfo<\/td>\n<\/tr>\n<tr>\n<td>Ali<\/td>\n<td>KURTUL<\/td>\n<td>\u0130ngilizce-Almanca<\/td>\n<td>\u0130nfo<\/td>\n<\/tr>\n<tr>\n<td>Ali<\/td>\n<td>YE\u015e\u0130L<\/td>\n<td>Arap\u00e7a<\/td>\n<td>\u0130nfo<\/td>\n<\/tr>\n<tr>\n<td>Ali<\/td>\n<td>G\u00dcLATAN<\/td>\n<td>Arap\u00e7a-\u0130ngilizce<\/td>\n<td>\u0130nfo<\/td>\n<\/tr>\n<tr>\n<td>Ali Bekir<\/td>\n<td>G\u00dcD\u00dcC\u00dc<\/td>\n<td>\u0130ngilizce<\/td>\n<td>\u0130nfo<\/td>\n<\/tr>\n<tr>\n<td>Ali Eren<\/td>\n<td>SUCU<\/td>\n<td>\u0130ngilzce<\/td>\n<td>\u0130nfo<\/td>\n<\/tr>\n<tr>\n<td>Ali Haydar<\/td>\n<td>BOZDO\u011eAN<\/td>\n<td>\u0130ngilizce<\/td>\n<td>\u0130nfo<\/td>\n<\/tr>\n<tr>\n<td>Alkan<\/td>\n<td>\u015e\u0130\u015eL\u0130<\/td>\n<td>\u0130ngilizce<\/td>\n<td>\u0130nfo<\/td>\n<\/tr>\n<tr>\n<td>An\u0131l<\/td>\n<td>PARLAKYILDIZ<\/td>\n<td>Arap\u00e7a-ingilizce<\/td>\n<td>\u0130nfo<\/td>\n<\/tr>\n<tr>\n<td>Asl\u0131<\/td>\n<td>MULUK<\/td>\n<td>\u0130ngilizce<\/td>\n<td>\u0130nfo<\/td>\n<\/tr>\n<tr>\n<td>Aysel<\/td>\n<td>YILDIZ<\/td>\n<td>Arap\u00e7a-Farsca<\/td>\n<td>\u0130nfo<\/td>\n<\/tr>\n<tr>\n<td>Ay\u015fe<\/td>\n<td>AKYOL<\/td>\n<td>Arap\u00e7a<\/td>\n<td>\u0130nfo<\/td>\n<\/tr>\n<tr>\n<td>Bahad\u0131r<\/td>\n<td>KAYA<\/td>\n<td>\u0130ngilizce-Rus\u00e7a<\/td>\n<td>\u0130nfo<\/td>\n<\/tr>\n<tr>\n<td>Bekir<\/td>\n<td>\u015eAHAN<\/td>\n<td>\u0130ngilizce<\/td>\n<td>\u0130nfo<\/td>\n<\/tr>\n<tr>\n<td>Bekir S\u0131tk\u0131<\/td>\n<td>SEVERO\u011eLU<\/td>\n<td>\u0130ngilizce<\/td>\n<td>\u0130nfo<\/td>\n<\/tr>\n<tr>\n<td>Bilge G\u00fclben<\/td>\n<td>G\u00dcLGE\u00c7<\/td>\n<td>\u0130ngilizce<\/td>\n<td>\u0130nfo<\/td>\n<\/tr>\n<tr>\n<td>Bur\u00e7ak<\/td>\n<td>ALTUNAY<\/td>\n<td>\u0130ngilizce<\/td>\n<td>\u0130nfo<\/td>\n<\/tr>\n<tr>\n<td>Burhan<\/td>\n<td>AKYILMAZ<\/td>\n<td>\u0130ngilizce<\/td>\n<td>\u0130nfo<\/td>\n<\/tr>\n<tr>\n<td>B\u00fclent<\/td>\n<td>KORKMAZ<\/td>\n<td>\u0130ngilizce<\/td>\n<td>\u0130nfo<\/td>\n<\/tr>\n<tr>\n<td>Cahit<\/td>\n<td>ELDEM\u0130R<\/td>\n<td>Almanca<\/td>\n<td>\u0130nfo<\/td>\n<\/tr>\n<tr>\n<td>Can<\/td>\n<td>B\u0130LG\u0130N<\/td>\n<td>Arap\u00e7a<\/td>\n<td>\u0130nfo<\/td>\n<\/tr>\n<tr>\n<td>Canan Kevser<\/td>\n<td>\u00d6\u011e\u00dcNC\u00dc<\/td>\n<td>\u0130ngilizce<\/td>\n<td>\u0130nfo<\/td>\n<\/tr>\n<tr>\n<td>Cansel<\/td>\n<td>\u00d6ZT\u00dcRK<\/td>\n<td>\u0130ngilizce<\/td>\n<td>\u0130nfo<\/td>\n<\/tr>\n<tr>\n<td>Cengiz<\/td>\n<td>GE\u00c7\u0130T<\/td>\n<td>\u0130ngilizce<\/td>\n<td>\u0130nfo<\/td>\n<\/tr>\n<tr>\n<td>Cengiz<\/td>\n<td>AKSU<\/td>\n<td>\u0130ngilizce<\/td>\n<td>\u0130nfo<\/td>\n<\/tr>\n<tr>\n<td>Cihad<\/td>\n<td>\u00c7AKIR<\/td>\n<td>Almanca-Arap\u00e7a<\/td>\n<td>\u0130nfo<\/td>\n<\/tr>\n<tr>\n<td>Cihan<\/td>\n<td>KAPLAN<\/td>\n<td>Arap\u00e7a<\/td>\n<td>\u0130nfo<\/td>\n<\/tr>\n<tr>\n<td>Cuma Ali<\/td>\n<td>KORKMAZ<\/td>\n<td>\u0130ngilizce<\/td>\n<td>\u0130nfo<\/td>\n<\/tr>\n<tr>\n<td>\u00c7o\u015fkun<\/td>\n<td>PARLAR<\/td>\n<td>\u0130ngilizce<\/td>\n<td>\u0130nfo<\/td>\n<\/tr>\n<tr>\n<td>Demet<\/td>\n<td>SINACI<\/td>\n<td>\u00c7ince<\/td>\n<td>\u0130nfo<\/td>\n<\/tr>\n<tr>\n<td>Deniz<\/td>\n<td>KESER<\/td>\n<td>\u0130ngilizce-\u0130talyanca-Arap\u00e7a<\/td>\n<td>\u0130nfo<\/td>\n<\/tr>\n<tr>\n<td>Duygu<\/td>\n<td>S\u00dcNER<\/td>\n<td>Arap\u00e7a<\/td>\n<td>\u0130nfo<\/td>\n<\/tr>\n<tr>\n<td>Ebru<\/td>\n<td>D\u0130REK<\/td>\n<td>\u0130ngilizce<\/td>\n<td>\u0130nfo<\/td>\n<\/tr>\n<tr>\n<td>Eda<\/td>\n<td>G\u00dcZEL<\/td>\n<td>Arap\u00e7a<\/td>\n<td>\u0130nfo<\/td>\n<\/tr>\n<tr>\n<td>Emel<\/td>\n<td>KO\u00c7<\/td>\n<td>\u0130ngilizce<\/td>\n<td>\u0130nfo<\/td>\n<\/tr>\n<tr>\n<td>Emrah<\/td>\n<td>\u00c7OLAK<\/td>\n<td>\u0130nglizce<\/td>\n<td>\u0130nfo<\/td>\n<\/tr>\n<tr>\n<td>Emrah<\/td>\n<td>K\u00d6MBEC\u0130<\/td>\n<td>ingilizce<\/td>\n<td>\u0130nfo<\/td>\n<\/tr>\n<tr>\n<td>Emre<\/td>\n<td>ERGEN<\/td>\n<td>\u0130ngilizce<\/td>\n<td>\u0130nfo<\/td>\n<\/tr>\n<tr>\n<td>Ercan<\/td>\n<td>KAYA<\/td>\n<td>\u0130ngilizce<\/td>\n<td>\u0130nfo<\/td>\n<\/tr>\n<tr>\n<td>Ercan<\/td>\n<td>UZUN<\/td>\n<td>Japonca<\/td>\n<td>\u0130nfo<\/td>\n<\/tr>\n<tr>\n<td>Erc\u00fcment<\/td>\n<td>CAN<\/td>\n<td>Rus\u00e7a<\/td>\n<td>\u0130nfo<\/td>\n<\/tr>\n<tr>\n<td>Erdo\u011fan<\/td>\n<td>ODUNCU<\/td>\n<td>\u0130ngilizce<\/td>\n<td>\u0130nfo<\/td>\n<\/tr>\n<tr>\n<td>Fadile Efser<\/td>\n<td>NEC\u0130<\/td>\n<td>\u0130ngilizce<\/td>\n<td>\u0130nfo<\/td>\n<\/tr>\n<tr>\n<td>Fatih<\/td>\n<td>\u00c7A\u011eRI<\/td>\n<td>\u0130ngilizce<\/td>\n<td>\u0130nfo<\/td>\n<\/tr>\n<tr>\n<td>Fatih<\/td>\n<td>KAYA<\/td>\n<td>\u0130ngilizce<\/td>\n<td>\u0130nfo<\/td>\n<\/tr>\n<tr>\n<td>Fatma Sema<\/td>\n<td>AYDOGANLI<\/td>\n<td>Frans\u0131zca<\/td>\n<td>\u0130nfo<\/td>\n<\/tr>\n<tr>\n<td>Fatma Zehra<\/td>\n<td>\u00d6ZT\u00dcRK<\/td>\n<td>\u0130ngilizce<\/td>\n<td>\u0130nfo<\/td>\n<\/tr>\n<tr>\n<td>Ferit<\/td>\n<td>KARADA\u011e<\/td>\n<td>\u0130ngilizce<\/td>\n<td>\u0130nfo<\/td>\n<\/tr>\n<tr>\n<td>Fethi<\/td>\n<td>TA\u015e<\/td>\n<td>Macarca<\/td>\n<td>\u0130nfo<\/td>\n<\/tr>\n<tr>\n<td>Feyzi<\/td>\n<td>AKK\u00d6Z<\/td>\n<td>Almanca<\/td>\n<td>\u0130nfo<\/td>\n<\/tr>\n<tr>\n<td>Fuat<\/td>\n<td>G\u00dcL<\/td>\n<td>Arap\u00e7a<\/td>\n<td>\u0130nfo<\/td>\n<\/tr>\n<tr>\n<td>Furkan<\/td>\n<td>K\u0130\u015e\u0130<\/td>\n<td>Almanca-\u0130ngilizce<\/td>\n<td>\u0130nfo<\/td>\n<\/tr>\n<tr>\n<td>G\u00f6khan<\/td>\n<td>D\u0130N\u00c7<\/td>\n<td>\u0130ngilizce<\/td>\n<td>\u0130nfo<\/td>\n<\/tr>\n<tr>\n<td>G\u00fclbahar<\/td>\n<td>SARICA<\/td>\n<td>\u0130ngilizce<\/td>\n<td>\u0130nfo<\/td>\n<\/tr>\n<tr>\n<td>G\u00fcl\u015fah<\/td>\n<td>ARTA\u00c7<\/td>\n<td>\u0130ngilizce<\/td>\n<td>\u0130nfo<\/td>\n<\/tr>\n<tr>\n<td>G\u00fcney<\/td>\n<td>PEKER<\/td>\n<td>\u0130ngilizce<\/td>\n<td>\u0130nfo<\/td>\n<\/tr>\n<tr>\n<td>Hakan<\/td>\n<td>AKYILMAZ<\/td>\n<td>\u0130ngilizce<\/td>\n<td>\u0130nfo<\/td>\n<\/tr>\n<tr>\n<td>Hakan<\/td>\n<td>BAYINDIR<\/td>\n<td>\u0130ngilizce<\/td>\n<td>\u0130nfo<\/td>\n<\/tr>\n<tr>\n<td>Hakan<\/td>\n<td>YILDIZ<\/td>\n<td>Arap\u00e7a<\/td>\n<td>\u0130nfo<\/td>\n<\/tr>\n<tr>\n<td>Halife<\/td>\n<td>K\u0130L\u0130SL\u0130<\/td>\n<td>\u0130ngilizce -Arap\u00e7a<\/td>\n<td>\u0130nfo<\/td>\n<\/tr>\n<tr>\n<td>Hamdi<\/td>\n<td>BAYIRLI<\/td>\n<td>\u0130ngilizce<\/td>\n<td>\u0130nfo<\/td>\n<\/tr>\n<tr>\n<td>Harun<\/td>\n<td>AKK\u00d6Z<\/td>\n<td>\u0130ngilizce<\/td>\n<td>\u0130nfo<\/td>\n<\/tr>\n<tr>\n<td>Hasan<\/td>\n<td>SER\u0130NDA\u011e<\/td>\n<td>Frans\u0131zca-\u0130spanyolca<\/td>\n<td>\u0130nfo<\/td>\n<\/tr>\n<tr>\n<td>Hasan Bahtiyar<\/td>\n<td>KORKMAZ<\/td>\n<td>\u0130ngilizce<\/td>\n<td>\u0130nfo<\/td>\n<\/tr>\n<tr>\n<td>Hasibe<\/td>\n<td>S\u00d6ZMEN<\/td>\n<td>\u0130ngilizce<\/td>\n<td>\u0130nfo<\/td>\n<\/tr>\n<tr>\n<td>Hatice<\/td>\n<td>KURT<\/td>\n<td>\u0130ngilizce<\/td>\n<td>\u0130nfo<\/td>\n<\/tr>\n<tr>\n<td>Hatice K\u00fcbra<\/td>\n<td>\u00c7\u0130NKAY<\/td>\n<td>\u0130ngilizce<\/td>\n<td>\u0130nfo<\/td>\n<\/tr>\n<tr>\n<td>Hazal<\/td>\n<td>K\u0130L\u0130SL\u0130<\/td>\n<td>Arap\u00e7a<\/td>\n<td>\u0130nfo<\/td>\n<\/tr>\n<tr>\n<td>H\u00fcsamettin<\/td>\n<td>AY<\/td>\n<td>\u0130ngilizce<\/td>\n<td>\u0130nfo<\/td>\n<\/tr>\n<tr>\n<td>H\u00fcseyin G\u00fcng\u00f6r<\/td>\n<td>ALTA\u00c7<\/td>\n<td>\u0130ngilizce<\/td>\n<td>\u0130nfo<\/td>\n<\/tr>\n<tr>\n<td>\u0130brahim<\/td>\n<td>SARI<\/td>\n<td>Frans\u0131zca<\/td>\n<td>\u0130nfo<\/td>\n<\/tr>\n<tr>\n<td>\u0130brahim Halil<\/td>\n<td>AYAZ<\/td>\n<td>Almanca<\/td>\n<td>\u0130nfo<\/td>\n<\/tr>\n<tr>\n<td>\u0130smail<\/td>\n<td>BOYDA\u011e<\/td>\n<td>\u0130ngilizce<\/td>\n<td>\u0130nfo<\/td>\n<\/tr>\n<tr>\n<td>\u0130smail Murat<\/td>\n<td>G\u00d6FTEC\u0130<\/td>\n<td>\u0130ngilizce<\/td>\n<td>\u0130nfo<\/td>\n<\/tr>\n<tr>\n<td>\u0130zzet<\/td>\n<td>ME\u015e\u015eE<\/td>\n<td>\u0130ngilizce &#8211; Arap\u00e7a<\/td>\n<td>\u0130nfo<\/td>\n<\/tr>\n<tr>\n<td>Kadir<\/td>\n<td>YA\u015eAR<\/td>\n<td>Rus\u00e7a<\/td>\n<td>\u0130nfo<\/td>\n<\/tr>\n<tr>\n<td>Kadriye<\/td>\n<td>\u00dcNAL \u00d6ZDEM\u0130R<\/td>\n<td>\u0130ngilzce<\/td>\n<td>\u0130nfo<\/td>\n<\/tr>\n<tr>\n<td>Kas\u0131m<\/td>\n<td>YURTTA\u015e<\/td>\n<td>\u0130ngilizce<\/td>\n<td>\u0130nfo<\/td>\n<\/tr>\n<tr>\n<td>Kayahan<\/td>\n<td>K\u00dcRT\u00dcL<\/td>\n<td>\u0130ngilizce<\/td>\n<td>\u0130nfo<\/td>\n<\/tr>\n<tr>\n<td>K\u0131smet<\/td>\n<td>YE\u015e\u0130LDA\u011e<\/td>\n<td>Arap\u00e7a<\/td>\n<td>\u0130nfo<\/td>\n<\/tr>\n<tr>\n<td>Levent<\/td>\n<td>DA\u0130<\/td>\n<td>\u0130ngilizce<\/td>\n<td>\u0130nfo<\/td>\n<\/tr>\n<tr>\n<td>L\u00fctfiye Selda<\/td>\n<td>KURUO\u011eLU<\/td>\n<td>\u0130ngilizce<\/td>\n<td>\u0130nfo<\/td>\n<\/tr>\n<tr>\n<td>Mahmut<\/td>\n<td>BOZO\u011eLAN<\/td>\n<td>\u0130ngilizce<\/td>\n<td>\u0130nfo<\/td>\n<\/tr>\n<tr>\n<td>Mahmut<\/td>\n<td>GED\u0130K<\/td>\n<td>\u0130ngilizce<\/td>\n<td>\u0130nfo<\/td>\n<\/tr>\n<tr>\n<td>Mehmet<\/td>\n<td>SEVERO\u011eLU<\/td>\n<td>Almanca<\/td>\n<td>\u0130nfo<\/td>\n<\/tr>\n<tr>\n<td>Mehmet<\/td>\n<td>\u00c7EL\u0130K<\/td>\n<td>Frans\u0131zca<\/td>\n<td>\u0130nfo<\/td>\n<\/tr>\n<tr>\n<td>Mehmet<\/td>\n<td>BOZ<\/td>\n<td>Arap\u00e7a-\u0130ngilizce<\/td>\n<td>\u0130nfo<\/td>\n<\/tr>\n<tr>\n<td>Mehmet<\/td>\n<td>G\u00dcRLER<\/td>\n<td>\u0130ngilizce<\/td>\n<td>\u0130nfo<\/td>\n<\/tr>\n<tr>\n<td>Mehmet B\u00fclent<\/td>\n<td>\u00d6ZT\u00dcRK<\/td>\n<td>Almanca-\u0130ngilizce<\/td>\n<td>\u0130nfo<\/td>\n<\/tr>\n<tr>\n<td>Mehmet Cenkhan<\/td>\n<td>ALTAY<\/td>\n<td>\u0130ngilizce<\/td>\n<td>\u0130nfo<\/td>\n<\/tr>\n<tr>\n<td>Mehmet Necdet<\/td>\n<td>K\u0130LEC\u0130<\/td>\n<td>\u0130ngilizce<\/td>\n<td>\u0130nfo<\/td>\n<\/tr>\n<tr>\n<td>Mehmet Sait<\/td>\n<td>KORHAN<\/td>\n<td>Arap\u00e7a<\/td>\n<td>\u0130nfo<\/td>\n<\/tr>\n<tr>\n<td>Mehtap<\/td>\n<td>TUZLUO\u011eLU<\/td>\n<td>\u0130ngilizce<\/td>\n<td>\u0130nfo<\/td>\n<\/tr>\n<tr>\n<td>Mehtap<\/td>\n<td>YILDIRIM<\/td>\n<td>\u0130ngilizce<\/td>\n<td>\u0130nfo<\/td>\n<\/tr>\n<tr>\n<td>Meltem<\/td>\n<td>\u015eORBA<\/td>\n<td>\u0130ngilizce<\/td>\n<td>\u0130nfo<\/td>\n<\/tr>\n<tr>\n<td>Meral<\/td>\n<td>EK\u015e\u0130<\/td>\n<td>Arap\u00e7a<\/td>\n<td>\u0130nfo<\/td>\n<\/tr>\n<tr>\n<td>Meri\u00e7<\/td>\n<td>G\u00d6KASLAN<\/td>\n<td>Arap\u00e7a<\/td>\n<td>\u0130nfo<\/td>\n<\/tr>\n<tr>\n<td>Meryem<\/td>\n<td>G\u00dcND\u00dcZ<\/td>\n<td>\u0130ngilizce<\/td>\n<td>\u0130nfo<\/td>\n<\/tr>\n<tr>\n<td>Meryem<\/td>\n<td>BA\u015eAK<\/td>\n<td>Arap\u00e7a<\/td>\n<td>\u0130nfo<\/td>\n<\/tr>\n<tr>\n<td>Mesut<\/td>\n<td>TATLIO\u011eLU<\/td>\n<td>Arap\u00e7a<\/td>\n<td>\u0130nfo<\/td>\n<\/tr>\n<tr>\n<td>Metin<\/td>\n<td>YILMAZ<\/td>\n<td>\u0130ngilizce<\/td>\n<td>\u0130nfo<\/td>\n<\/tr>\n<tr>\n<td>Metin<\/td>\n<td>IRMAK<\/td>\n<td>\u0130ngilizce<\/td>\n<td>\u0130nfo<\/td>\n<\/tr>\n<tr>\n<td>Mevl\u00fcde Semra<\/td>\n<td>DEM\u0130R<\/td>\n<td>\u0130ngilizce<\/td>\n<td>\u0130nfo<\/td>\n<\/tr>\n<tr>\n<td>Muhsin<\/td>\n<td>TA\u015e<\/td>\n<td>\u0130ngilizce<\/td>\n<td>\u0130nfo<\/td>\n<\/tr>\n<tr>\n<td>Murat<\/td>\n<td>CAMUZ<\/td>\n<td>\u0130ngilizce-Rus\u00e7a<\/td>\n<td>\u0130nfo<\/td>\n<\/tr>\n<tr>\n<td>Murat<\/td>\n<td>G\u00dcLTEK\u0130N<\/td>\n<td>Arap\u00e7a<\/td>\n<td>\u0130nfo<\/td>\n<\/tr>\n<tr>\n<td>Murat<\/td>\n<td>TANRITANIR<\/td>\n<td>\u0130ngilizce<\/td>\n<td>\u0130nfo<\/td>\n<\/tr>\n<tr>\n<td>Murat Alpaslan<\/td>\n<td>TEKEO\u011eLU<\/td>\n<td>Frans\u0131zca<\/td>\n<td>\u0130nfo<\/td>\n<\/tr>\n<tr>\n<td>Murat Ayhan<\/td>\n<td>DEN\u0130Z<\/td>\n<td>\u0130ngilizce<\/td>\n<td>\u0130nfo<\/td>\n<\/tr>\n<tr>\n<td>Murat Zeki<\/td>\n<td>KARA<\/td>\n<td>\u0130ngilizce<\/td>\n<td>\u0130nfo<\/td>\n<\/tr>\n<tr>\n<td>Mustafa<\/td>\n<td>YAGCIO\u011eLU<\/td>\n<td>\u0130ngilizce<\/td>\n<td>\u0130nfo<\/td>\n<\/tr>\n<tr>\n<td>Mustafa<\/td>\n<td>PARLAKG\u00dcN<\/td>\n<td>Arap\u00e7a<\/td>\n<td>\u0130nfo<\/td>\n<\/tr>\n<tr>\n<td>M\u00fcjde Bet\u00fcl<\/td>\n<td>KULYU<\/td>\n<td>\u0130ngilizce<\/td>\n<td>\u0130nfo<\/td>\n<\/tr>\n<tr>\n<td>M\u00fcsl\u00fcm<\/td>\n<td>KORKMAZ<\/td>\n<td>Almanca<\/td>\n<td>\u0130nfo<\/td>\n<\/tr>\n<tr>\n<td>Nalan<\/td>\n<td>ALBUZ<\/td>\n<td>\u0130ngilizce<\/td>\n<td>\u0130nfo<\/td>\n<\/tr>\n<tr>\n<td>Nebil<\/td>\n<td>KOCAO\u011eLU<\/td>\n<td>Arap\u00e7a<\/td>\n<td>\u0130nfo<\/td>\n<\/tr>\n<tr>\n<td>Nilg\u00fcn<\/td>\n<td>MAZICIO\u011eLU<\/td>\n<td>\u0130ngilizce<\/td>\n<td>\u0130nfo<\/td>\n<\/tr>\n<tr>\n<td>Nisane<\/td>\n<td>TUF\u0130O\u011eLU<\/td>\n<td>\u0130ngilizce<\/td>\n<td>\u0130nfo<\/td>\n<\/tr>\n<tr>\n<td>N\u00fckhet<\/td>\n<td>AYDIN<\/td>\n<td>Almanca<\/td>\n<td>\u0130nfo<\/td>\n<\/tr>\n<tr>\n<td>O\u011fur<\/td>\n<td>DUR\u011eUN<\/td>\n<td>Arap\u00e7a<\/td>\n<td>\u0130nfo<\/td>\n<\/tr>\n<tr>\n<td>Okan<\/td>\n<td>MANSURO\u011eLU<\/td>\n<td>Arap\u00e7a<\/td>\n<td>\u0130nfo<\/td>\n<\/tr>\n<tr>\n<td>Okan<\/td>\n<td>RENDE<\/td>\n<td>\u0130ngilizce<\/td>\n<td>\u0130nfo<\/td>\n<\/tr>\n<tr>\n<td>Oktay<\/td>\n<td>ERKOL<\/td>\n<td>Almanca<\/td>\n<td>\u0130nfo<\/td>\n<\/tr>\n<tr>\n<td>Onur<\/td>\n<td>T\u00dcMKAYA<\/td>\n<td>\u0130ngilizce<\/td>\n<td>\u0130nfo<\/td>\n<\/tr>\n<tr>\n<td>Onur<\/td>\n<td>\u00d6ZDEM\u0130R<\/td>\n<td>Arap\u00e7a-\u0130ngilizce<\/td>\n<td>\u0130nfo<\/td>\n<\/tr>\n<tr>\n<td>Onur Hikmet<\/td>\n<td>Z\u0130RO\u011eLU<\/td>\n<td>\u0130ngilizce<\/td>\n<td>\u0130nfo<\/td>\n<\/tr>\n<tr>\n<td>Orhan<\/td>\n<td>KUBBE<\/td>\n<td>Arap\u00e7a<\/td>\n<td>\u0130nfo<\/td>\n<\/tr>\n<tr>\n<td>Orhan<\/td>\n<td>BAKLACI<\/td>\n<td>Almanca<\/td>\n<td>\u0130nfo<\/td>\n<\/tr>\n<tr>\n<td>\u00d6mer<\/td>\n<td>ASLAN<\/td>\n<td>\u0130ngilizce-Arap\u00e7a<\/td>\n<td>\u0130nfo<\/td>\n<\/tr>\n<tr>\n<td>\u00d6mer<\/td>\n<td>\u00c7AKMAK<\/td>\n<td>Rus\u00e7a<\/td>\n<td>\u0130nfo<\/td>\n<\/tr>\n<tr>\n<td>\u00d6mer<\/td>\n<td>MARANGOZO\u011eLU<\/td>\n<td>Arap\u00e7a<\/td>\n<td>\u0130nfo<\/td>\n<\/tr>\n<tr>\n<td>\u00d6zg\u00fcr<\/td>\n<td>\u00c7\u0130NKAY<\/td>\n<td>\u0130ngilizce<\/td>\n<td>\u0130nfo<\/td>\n<\/tr>\n<tr>\n<td>\u00d6zg\u00fcr<\/td>\n<td>RENDA<\/td>\n<td>Arap\u00e7a<\/td>\n<td>\u0130nfo<\/td>\n<\/tr>\n<tr>\n<td>\u00d6zhan<\/td>\n<td>ERTA\u015e<\/td>\n<td>Arap\u00e7a<\/td>\n<td>\u0130nfo<\/td>\n<\/tr>\n<tr>\n<td>\u00d6zkan \u00d6lmez<\/td>\n<td>TOSUN<\/td>\n<td>\u0130ngilizce-\u0130talyanca<\/td>\n<td>\u0130nfo<\/td>\n<\/tr>\n<tr>\n<td>\u00d6zlem<\/td>\n<td>ADANIR<\/td>\n<td>\u0130ngilizce<\/td>\n<td>\u0130nfo<\/td>\n<\/tr>\n<tr>\n<td>\u00d6znur<\/td>\n<td>AKMAN<\/td>\n<td>\u0130spanyolca<\/td>\n<td>\u0130nfo<\/td>\n<\/tr>\n<tr>\n<td>P\u0131nar<\/td>\n<td>YALKIN<\/td>\n<td>\u0130ngilizce<\/td>\n<td>\u0130nfo<\/td>\n<\/tr>\n<tr>\n<td>P\u0131nar<\/td>\n<td>A\u015eKAR<\/td>\n<td>\u0130ngilizce<\/td>\n<td>\u0130nfo<\/td>\n<\/tr>\n<tr>\n<td>Ramazan<\/td>\n<td>ERDO\u011eAN<\/td>\n<td>\u0130ngilizce<\/td>\n<td>\u0130nfo<\/td>\n<\/tr>\n<tr>\n<td>Recep<\/td>\n<td>VURAL<\/td>\n<td>\u0130ngilizce<\/td>\n<td>\u0130nfo<\/td>\n<\/tr>\n<tr>\n<td>Refik<\/td>\n<td>EZAL<\/td>\n<td>Arap\u00e7a<\/td>\n<td>\u0130nfo<\/td>\n<\/tr>\n<tr>\n<td>Sabri<\/td>\n<td>KAYABA\u015eI<\/td>\n<td>\u0130ngilizce<\/td>\n<td>\u0130nfo<\/td>\n<\/tr>\n<tr>\n<td>Sami<\/td>\n<td>G\u00dcM\u00dc\u015e<\/td>\n<td>Arap\u00e7a<\/td>\n<td>\u0130nfo<\/td>\n<\/tr>\n<tr>\n<td>Sava\u015f<\/td>\n<td>G\u00dcRB\u00dcZ<\/td>\n<td>\u0130ngilizce<\/td>\n<td>\u0130nfo<\/td>\n<\/tr>\n<tr>\n<td>Sayg\u0131n<\/td>\n<td>KIRIK\u00c7I<\/td>\n<td>\u0130ngilizce<\/td>\n<td>\u0130nfo<\/td>\n<\/tr>\n<tr>\n<td>Seda<\/td>\n<td>KU\u015eARI<\/td>\n<td>\u0130ngilizce<\/td>\n<td>\u0130nfo<\/td>\n<\/tr>\n<tr>\n<td>Seda<\/td>\n<td>KILIN\u00c7<\/td>\n<td>\u0130ngilizce<\/td>\n<td>\u0130nfo<\/td>\n<\/tr>\n<tr>\n<td>Seher<\/td>\n<td>HARBEL\u0130<\/td>\n<td>\u0130ngilizce<\/td>\n<td>\u0130nfo<\/td>\n<\/tr>\n<tr>\n<td>Sel\u00e7uk<\/td>\n<td>KU\u015eARI<\/td>\n<td>\u0130ngilizce<\/td>\n<td>\u0130nfo<\/td>\n<\/tr>\n<tr>\n<td>Selim<\/td>\n<td>\u00d6ZTOP<\/td>\n<td>\u0130ngilizce<\/td>\n<td>\u0130nfo<\/td>\n<\/tr>\n<tr>\n<td>Semih<\/td>\n<td>TOPUZ<\/td>\n<td>\u0130ngilizce<\/td>\n<td>\u0130nfo<\/td>\n<\/tr>\n<tr>\n<td>Semir<\/td>\n<td>YETER<\/td>\n<td>\u0130ngilizce<\/td>\n<td>\u0130nfo<\/td>\n<\/tr>\n<tr>\n<td>Sercan<\/td>\n<td>\u00d6FKEL\u0130<\/td>\n<td>\u0130ngilizce<\/td>\n<td>\u0130nfo<\/td>\n<\/tr>\n<tr>\n<td>Sergen<\/td>\n<td>BOSTANCIO\u011eLU<\/td>\n<td>Arap\u00e7a<\/td>\n<td>\u0130nfo<\/td>\n<\/tr>\n<tr>\n<td>Servet<\/td>\n<td>RAHM\u0130O\u011eLU<\/td>\n<td>\u0130ngilizce<\/td>\n<td>\u0130nfo<\/td>\n<\/tr>\n<tr>\n<td>Soner<\/td>\n<td>BACAKSIZ<\/td>\n<td>\u0130ngilizce<\/td>\n<td>\u0130nfo<\/td>\n<\/tr>\n<tr>\n<td>Soner<\/td>\n<td>ALTOK<\/td>\n<td>\u0130ngilizce<\/td>\n<td>\u0130nfo<\/td>\n<\/tr>\n<tr>\n<td>Soydan<\/td>\n<td>MULUK<\/td>\n<td>\u0130ngilizce<\/td>\n<td>\u0130nfo<\/td>\n<\/tr>\n<tr>\n<td>Suat<\/td>\n<td>AKARSU<\/td>\n<td>Almanca<\/td>\n<td>\u0130nfo<\/td>\n<\/tr>\n<tr>\n<td>Suphi<\/td>\n<td>ALKAN<\/td>\n<td>\u0130ngilizce<\/td>\n<td>\u0130nfo<\/td>\n<\/tr>\n<tr>\n<td>\u015eahin<\/td>\n<td>KU\u015eARI<\/td>\n<td>\u0130ngilizce<\/td>\n<td>\u0130nfo<\/td>\n<\/tr>\n<tr>\n<td>\u015eerif<\/td>\n<td>KURT<\/td>\n<td>\u0130ngilizce<\/td>\n<td>\u0130nfo<\/td>\n<\/tr>\n<tr>\n<td>Tahsin<\/td>\n<td>HAMURCU<\/td>\n<td>Arap\u00e7a<\/td>\n<td>\u0130nfo<\/td>\n<\/tr>\n<tr>\n<td>Tahsin<\/td>\n<td>ALTIN\u00d6Z<\/td>\n<td>Arap\u00e7a<\/td>\n<td>\u0130nfo<\/td>\n<\/tr>\n<tr>\n<td>Teyfik<\/td>\n<td>ARIKAN<\/td>\n<td>\u0130ngilizce<\/td>\n<td>\u0130nfo<\/td>\n<\/tr>\n<tr>\n<td>Ufuk<\/td>\n<td>G\u0130R\u0130\u015e<\/td>\n<td>\u0130ngilizce<\/td>\n<td>\u0130nfo<\/td>\n<\/tr>\n<tr>\n<td>Yasemin<\/td>\n<td>\u00d6ZG\u00dcN<\/td>\n<td>Arap\u00e7a &#8211; \u0130ngilizce<\/td>\n<td>\u0130nfo<\/td>\n<\/tr>\n<tr>\n<td>Yeliz<\/td>\n<td>AYDIN<\/td>\n<td>\u0130ngilizce<\/td>\n<td>\u0130nfo<\/td>\n<\/tr>\n<tr>\n<td>Y\u0131lmaz<\/td>\n<td>KARAKU\u015e<\/td>\n<td>Rus\u00e7a<\/td>\n<td>\u0130nfo<\/td>\n<\/tr>\n<tr>\n<td>Yonca<\/td>\n<td>AKIN<\/td>\n<td>\u0130ngilizce<\/td>\n<td>\u0130nfo<\/td>\n<\/tr>\n<tr>\n<td>Yunus<\/td>\n<td>G\u00dcNE\u015e<\/td>\n<td>\u0130ngilizce<\/td>\n<td>\u0130nfo<\/td>\n<\/tr>\n<tr>\n<td>Yusuf<\/td>\n<td>G\u00dcNEN\u00c7<\/td>\n<td>Arap\u00e7a<\/td>\n<td>\u0130nfo<\/td>\n<\/tr>\n<tr>\n<td>Ziya<\/td>\n<td>DAL\u0130<\/td>\n<td>Arap\u00e7a<\/td>\n<td>\u0130nfo<\/td>\n<\/tr>\n<tr>\n<td>Z\u00f6hre<\/td>\n<td>\u00c7AYIR<\/td>\n<td>\u0130nglizce<\/td>\n<td>\u0130nfo<\/td>\n<\/tr>\n<tr>\n<td>Z\u00fcbeyir<\/td>\n<td>YILMAZ<\/td>\n<td>\u0130ngilizce<\/td>\n<td>\u0130nfo<\/td>\n<\/tr>\n<\/tbody>\n<\/table>\n","protected":false},"excerpt":{"rendered":"<p>ADI SOYADI D\u0130LLER\u0130 &nbsp; Adem G\u00dcL \u0130ngilizce Rus\u00e7a \u0130nfo Adeviye Hale R\u00dcSTEMO\u011eLU \u0130ngilizce \u0130nfo Ahmet BOZAK \u0130ngilizce \u0130nfo Ahmet \u00d6ZDEM\u0130R \u0130ngilzce \u0130nfo Ahmet PANCAR Almanca \u0130nfo Ahmet ERTA\u015e \u0130ngilizce \u0130nfo Ahmet URHAN Arap\u00e7a \u0130nfo Albora Turgut G\u00dcNG\u00d6R \u0130ngilizce \u0130nfo Ali VEL\u0130O\u011eLU \u0130ngilizce \u0130nfo Ali KURTUL \u0130ngilizce-Almanca \u0130nfo Ali YE\u015e\u0130L Arap\u00e7a \u0130nfo Ali G\u00dcLATAN Arap\u00e7a-\u0130ngilizce \u0130nfo [&hellip;]<\/p>\n","protected":false},"author":1,"featured_media":0,"parent":0,"menu_order":0,"comment_status":"closed","ping_status":"closed","template":"","meta":{"_et_pb_use_builder":"","_et_pb_old_content":"","_et_gb_content_width":"","footnotes":"","_joinchat":[]},"_links":{"self":[{"href":"https:\/\/garo.org.tr\/home\/wp-json\/wp\/v2\/pages\/13245"}],"collection":[{"href":"https:\/\/garo.org.tr\/home\/wp-json\/wp\/v2\/pages"}],"about":[{"href":"https:\/\/garo.org.tr\/home\/wp-json\/wp\/v2\/types\/page"}],"author":[{"embeddable":true,"href":"https:\/\/garo.org.tr\/home\/wp-json\/wp\/v2\/users\/1"}],"replies":[{"embeddable":true,"href":"https:\/\/garo.org.tr\/home\/wp-json\/wp\/v2\/comments?post=13245"}],"version-history":[{"count":9,"href":"https:\/\/garo.org.tr\/home\/wp-json\/wp\/v2\/pages\/13245\/revisions"}],"predecessor-version":[{"id":14135,"href":"https:\/\/garo.org.tr\/home\/wp-json\/wp\/v2\/pages\/13245\/revisions\/14135"}],"wp:attachment":[{"href":"https:\/\/garo.org.tr\/home\/wp-json\/wp\/v2\/media?parent=13245"}],"curies":[{"name":"wp","href":"https:\/\/api.w.org\/{rel}","templated":true}]}}