{"id":14439,"date":"2025-08-01T12:35:36","date_gmt":"2025-08-01T09:35:36","guid":{"rendered":"https:\/\/garo.org.tr\/home\/?page_id=14439"},"modified":"2025-08-01T13:21:05","modified_gmt":"2025-08-01T10:21:05","slug":"duyurular","status":"publish","type":"page","link":"https:\/\/garo.org.tr\/home\/duyurular\/","title":{"rendered":"Duyurular"},"content":{"rendered":"\t\t<div data-elementor-type=\"wp-page\" data-elementor-id=\"14439\" class=\"elementor elementor-14439\" data-elementor-post-type=\"page\">\n\t\t\t\t<div class=\"elementor-element elementor-element-8bbf229 e-flex e-con-boxed e-con e-parent\" data-id=\"8bbf229\" data-element_type=\"container\" data-settings=\"{&quot;_ha_eqh_enable&quot;:false}\">\n\t\t\t\t\t<div class=\"e-con-inner\">\n\t\t\t\t<div class=\"elementor-element elementor-element-6a1da75 elementor-widget elementor-widget-heading\" data-id=\"6a1da75\" data-element_type=\"widget\" data-widget_type=\"heading.default\">\n\t\t\t\t<div class=\"elementor-widget-container\">\n\t\t\t\t\t<h2 class=\"elementor-heading-title elementor-size-default\">Duyurular<\/h2>\t\t\t\t<\/div>\n\t\t\t\t<\/div>\n\t\t\t\t\t<\/div>\n\t\t\t\t<\/div>\n\t\t<div class=\"elementor-element elementor-element-b43d855 e-flex e-con-boxed e-con e-parent\" data-id=\"b43d855\" data-element_type=\"container\" data-settings=\"{&quot;_ha_eqh_enable&quot;:false}\">\n\t\t\t\t\t<div class=\"e-con-inner\">\n\t\t\t\t<div class=\"elementor-element elementor-element-822cefb elementor-posts--thumbnail-none elementor-grid-3 elementor-grid-tablet-2 elementor-grid-mobile-1 elementor-card-shadow-yes elementor-posts__hover-gradient elementor-widget elementor-widget-posts\" data-id=\"822cefb\" data-element_type=\"widget\" data-settings=\"{&quot;cards_row_gap&quot;:{&quot;unit&quot;:&quot;px&quot;,&quot;size&quot;:34,&quot;sizes&quot;:[]},&quot;pagination_type&quot;:&quot;numbers_and_prev_next&quot;,&quot;cards_columns&quot;:&quot;3&quot;,&quot;cards_columns_tablet&quot;:&quot;2&quot;,&quot;cards_columns_mobile&quot;:&quot;1&quot;,&quot;cards_row_gap_tablet&quot;:{&quot;unit&quot;:&quot;px&quot;,&quot;size&quot;:&quot;&quot;,&quot;sizes&quot;:[]},&quot;cards_row_gap_mobile&quot;:{&quot;unit&quot;:&quot;px&quot;,&quot;size&quot;:&quot;&quot;,&quot;sizes&quot;:[]}}\" data-widget_type=\"posts.cards\">\n\t\t\t\t<div class=\"elementor-widget-container\">\n\t\t\t\t\t\t\t<div class=\"elementor-posts-container elementor-posts elementor-posts--skin-cards elementor-grid\">\n\t\t\t\t<article class=\"elementor-post elementor-grid-item post-14626 post type-post status-publish format-standard hentry category-genel\">\n\t\t\t<div class=\"elementor-post__card\">\n\t\t\t\t<div class=\"elementor-post__text\">\n\t\t\t\t<h3 class=\"elementor-post__title\">\n\t\t\t<a href=\"https:\/\/garo.org.tr\/home\/2026-yili-2-calisma-karti-listesi\/\" >\n\t\t\t\t2026 Y\u0131l\u0131 2. \u00c7al\u0131\u015fma Kart\u0131 Listesi\t\t\t<\/a>\n\t\t<\/h3>\n\t\t\t\t<\/div>\n\t\t\t\t<div class=\"elementor-post__meta-data\">\n\t\t\t\t\t<span class=\"elementor-post-date\">\n\t\t\t21 Ocak 2026\t\t<\/span>\n\t\t\t\t<\/div>\n\t\t\t\t\t<\/div>\n\t\t<\/article>\n\t\t\t\t<article class=\"elementor-post elementor-grid-item post-14591 post type-post status-publish format-standard hentry category-genel\">\n\t\t\t<div class=\"elementor-post__card\">\n\t\t\t\t<div class=\"elementor-post__text\">\n\t\t\t\t<h3 class=\"elementor-post__title\">\n\t\t\t<a href=\"https:\/\/garo.org.tr\/home\/2026-calisma-karti-listesi\/\" >\n\t\t\t\t2026 Y\u0131l\u0131  \u00c7al\u0131\u015fma Kart\u0131 Listesi\t\t\t<\/a>\n\t\t<\/h3>\n\t\t\t\t<\/div>\n\t\t\t\t<div class=\"elementor-post__meta-data\">\n\t\t\t\t\t<span class=\"elementor-post-date\">\n\t\t\t14 Ocak 2026\t\t<\/span>\n\t\t\t\t<\/div>\n\t\t\t\t\t<\/div>\n\t\t<\/article>\n\t\t\t\t<article class=\"elementor-post elementor-grid-item post-14585 post type-post status-publish format-standard hentry category-genel\">\n\t\t\t<div class=\"elementor-post__card\">\n\t\t\t\t<div class=\"elementor-post__text\">\n\t\t\t\t<h3 class=\"elementor-post__title\">\n\t\t\t<a href=\"https:\/\/garo.org.tr\/home\/t-c-kultur-ve-turizm-bakanligi-tarafindan-6326-sayili-turist-rehberligi-meslek-kanunu-kapsaminda-gerceklestirilecek-meslege-kabul-sinavi\/\" >\n\t\t\t\tT.C. K\u00fclt\u00fcr ve Turizm Bakanl\u0131\u011f\u0131 taraf\u0131ndan, 6326 Say\u0131l\u0131 Turist Rehberli\u011fi Meslek Kanunu kapsam\u0131nda ger\u00e7ekle\u015ftirilecek Mesle\u011fe Kabul S\u0131nav\u0131\t\t\t<\/a>\n\t\t<\/h3>\n\t\t\t\t<\/div>\n\t\t\t\t<div class=\"elementor-post__meta-data\">\n\t\t\t\t\t<span class=\"elementor-post-date\">\n\t\t\t12 Ocak 2026\t\t<\/span>\n\t\t\t\t<\/div>\n\t\t\t\t\t<\/div>\n\t\t<\/article>\n\t\t\t\t<article class=\"elementor-post elementor-grid-item post-14574 post type-post status-publish format-standard hentry category-genel\">\n\t\t\t<div class=\"elementor-post__card\">\n\t\t\t\t<div class=\"elementor-post__text\">\n\t\t\t\t<h3 class=\"elementor-post__title\">\n\t\t\t<a href=\"https:\/\/garo.org.tr\/home\/rehber-ve-rehber-adaylarimiz-aniyor-adalet-arayisimizi-surduruyoruz\/\" >\n\t\t\t\tRehber ve Rehber Adaylar\u0131m\u0131z An\u0131yor, Adalet Aray\u0131\u015f\u0131m\u0131z\u0131 S\u00fcrd\u00fcr\u00fcyoruz\t\t\t<\/a>\n\t\t<\/h3>\n\t\t\t\t<\/div>\n\t\t\t\t<div class=\"elementor-post__meta-data\">\n\t\t\t\t\t<span class=\"elementor-post-date\">\n\t\t\t2 Kas\u0131m 2025\t\t<\/span>\n\t\t\t\t<\/div>\n\t\t\t\t\t<\/div>\n\t\t<\/article>\n\t\t\t\t<article class=\"elementor-post elementor-grid-item post-14569 post type-post status-publish format-standard hentry category-genel\">\n\t\t\t<div class=\"elementor-post__card\">\n\t\t\t\t<div class=\"elementor-post__text\">\n\t\t\t\t<h3 class=\"elementor-post__title\">\n\t\t\t<a href=\"https:\/\/garo.org.tr\/home\/29-ekim-cumhuriyet-bayrami-kutlu-olsun\/\" >\n\t\t\t\t29 Ekim Cumhuriyet Bayram\u0131 Kutlu Olsun!\t\t\t<\/a>\n\t\t<\/h3>\n\t\t\t\t<\/div>\n\t\t\t\t<div class=\"elementor-post__meta-data\">\n\t\t\t\t\t<span class=\"elementor-post-date\">\n\t\t\t29 Ekim 2025\t\t<\/span>\n\t\t\t\t<\/div>\n\t\t\t\t\t<\/div>\n\t\t<\/article>\n\t\t\t\t<article class=\"elementor-post elementor-grid-item post-14551 post type-post status-publish format-standard hentry category-genel\">\n\t\t\t<div class=\"elementor-post__card\">\n\t\t\t\t<div class=\"elementor-post__text\">\n\t\t\t\t<h3 class=\"elementor-post__title\">\n\t\t\t<a href=\"https:\/\/garo.org.tr\/home\/vali-yardimcisi-sn-huseyin-kaptan-ve-il-kultur-turizm-muduru-sn-selcuk-korkmaza-ziyaret\/\" >\n\t\t\t\tVali Yard\u0131mc\u0131s\u0131 Sn. H\u00fcseyin Kaptan ve \u0130l K\u00fclt\u00fcr Turizm M\u00fcd\u00fcr\u00fc Sn. Sel\u00e7uk Korkmaz\u2019a Ziyaret\t\t\t<\/a>\n\t\t<\/h3>\n\t\t\t\t<\/div>\n\t\t\t\t<div class=\"elementor-post__meta-data\">\n\t\t\t\t\t<span class=\"elementor-post-date\">\n\t\t\t15 Eyl\u00fcl 2025\t\t<\/span>\n\t\t\t\t<\/div>\n\t\t\t\t\t<\/div>\n\t\t<\/article>\n\t\t\t\t<\/div>\n\t\t\n\t\t\t\t<div class=\"e-load-more-anchor\" data-page=\"1\" data-max-page=\"3\" data-next-page=\"https:\/\/garo.org.tr\/home\/wp-json\/wp\/v2\/pages\/14439\/page\/2\/\"><\/div>\n\t\t\t\t<nav class=\"elementor-pagination\" aria-label=\"sayfaland\u0131rma\">\n\t\t\t<span class=\"page-numbers prev\"><<\/span>\n<span aria-current=\"page\" class=\"page-numbers current\"><span class=\"elementor-screen-only\">Sayfa<\/span>1<\/span>\n<a class=\"page-numbers\" href=\"https:\/\/garo.org.tr\/home\/wp-json\/wp\/v2\/pages\/14439\/page\/2\/\"><span class=\"elementor-screen-only\">Sayfa<\/span>2<\/a>\n<a class=\"page-numbers\" href=\"https:\/\/garo.org.tr\/home\/wp-json\/wp\/v2\/pages\/14439\/page\/3\/\"><span class=\"elementor-screen-only\">Sayfa<\/span>3<\/a>\n<a class=\"page-numbers next\" href=\"https:\/\/garo.org.tr\/home\/wp-json\/wp\/v2\/pages\/14439\/page\/2\/\">><\/a>\t\t<\/nav>\n\t\t\t\t\t\t<\/div>\n\t\t\t\t<\/div>\n\t\t\t\t\t<\/div>\n\t\t\t\t<\/div>\n\t\t\t\t<\/div>\n\t\t","protected":false},"excerpt":{"rendered":"<p>Duyurular<\/p>\n","protected":false},"author":1,"featured_media":0,"parent":0,"menu_order":0,"comment_status":"closed","ping_status":"closed","template":"","meta":{"_et_pb_use_builder":"","_et_pb_old_content":"","_et_gb_content_width":"","footnotes":"","_joinchat":[]},"_links":{"self":[{"href":"https:\/\/garo.org.tr\/home\/wp-json\/wp\/v2\/pages\/14439"}],"collection":[{"href":"https:\/\/garo.org.tr\/home\/wp-json\/wp\/v2\/pages"}],"about":[{"href":"https:\/\/garo.org.tr\/home\/wp-json\/wp\/v2\/types\/page"}],"author":[{"embeddable":true,"href":"https:\/\/garo.org.tr\/home\/wp-json\/wp\/v2\/users\/1"}],"replies":[{"embeddable":true,"href":"https:\/\/garo.org.tr\/home\/wp-json\/wp\/v2\/comments?post=14439"}],"version-history":[{"count":7,"href":"https:\/\/garo.org.tr\/home\/wp-json\/wp\/v2\/pages\/14439\/revisions"}],"predecessor-version":[{"id":14482,"href":"https:\/\/garo.org.tr\/home\/wp-json\/wp\/v2\/pages\/14439\/revisions\/14482"}],"wp:attachment":[{"href":"https:\/\/garo.org.tr\/home\/wp-json\/wp\/v2\/media?parent=14439"}],"curies":[{"name":"wp","href":"https:\/\/api.w.org\/{rel}","templated":true}]}}