{"id":584,"date":"2015-08-25T16:50:03","date_gmt":"2015-08-25T13:50:03","guid":{"rendered":"http:\/\/localhost\/demo2\/?page_id=584"},"modified":"2026-04-01T11:40:14","modified_gmt":"2026-04-01T08:40:14","slug":"sozlesmeler","status":"publish","type":"page","link":"https:\/\/garo.org.tr\/home\/sozlesmeler\/","title":{"rendered":"S\u00f6zle\u015fmeler"},"content":{"rendered":"\t\t<div data-elementor-type=\"wp-page\" data-elementor-id=\"584\" class=\"elementor elementor-584\" data-elementor-post-type=\"page\">\n\t\t\t\t<div class=\"elementor-element elementor-element-8616f22 e-flex e-con-boxed e-con e-parent\" data-id=\"8616f22\" data-element_type=\"container\" data-settings=\"{&quot;_ha_eqh_enable&quot;:false}\">\n\t\t\t\t\t<div class=\"e-con-inner\">\n\t\t<div class=\"elementor-element elementor-element-b9a884d e-flex e-con-boxed e-con e-child\" data-id=\"b9a884d\" data-element_type=\"container\" data-settings=\"{&quot;_ha_eqh_enable&quot;:false}\">\n\t\t\t\t\t<div class=\"e-con-inner\">\n\t\t\t\t<div class=\"elementor-element elementor-element-9603af5 elementor-widget elementor-widget-text-editor\" data-id=\"9603af5\" data-element_type=\"widget\" data-widget_type=\"text-editor.default\">\n\t\t\t\t<div class=\"elementor-widget-container\">\n\t\t\t\t\t\t\t\t\t<p><a href=\"https:\/\/garo.org.tr\/home\/acente-rehber-hizmet-sozlesmesi\/\">Acente Rehber Hizmet S\u00f6zle\u015fmesi<\/a><\/p><p><a href=\"https:\/\/garo.org.tr\/home\/musteri-rehber-hizmet-sozlesmesi-customer-tourist-guide-contract\/\" style=\"font-family: var( --e-global-typography-text-font-family ), Sans-serif; font-weight: var( --e-global-typography-text-font-weight ); text-align: var(--text-align); letter-spacing: 0px;\">M\u00fc\u015fteri Rehber Hizmet S\u00f6zle\u015fmesi<\/a><\/p>\t\t\t\t\t\t\t\t<\/div>\n\t\t\t\t<\/div>\n\t\t\t\t\t<\/div>\n\t\t\t\t<\/div>\n\t\t\t\t\t<\/div>\n\t\t\t\t<\/div>\n\t\t\t\t<\/div>\n\t\t","protected":false},"excerpt":{"rendered":"<p>Acente Rehber Hizmet S\u00f6zle\u015fmesi M\u00fc\u015fteri Rehber Hizmet S\u00f6zle\u015fmesi<\/p>\n","protected":false},"author":1,"featured_media":0,"parent":0,"menu_order":0,"comment_status":"closed","ping_status":"closed","template":"elementor_theme","meta":{"_et_pb_use_builder":"","_et_pb_old_content":"","_et_gb_content_width":"","footnotes":"","_joinchat":[]},"_links":{"self":[{"href":"https:\/\/garo.org.tr\/home\/wp-json\/wp\/v2\/pages\/584"}],"collection":[{"href":"https:\/\/garo.org.tr\/home\/wp-json\/wp\/v2\/pages"}],"about":[{"href":"https:\/\/garo.org.tr\/home\/wp-json\/wp\/v2\/types\/page"}],"author":[{"embeddable":true,"href":"https:\/\/garo.org.tr\/home\/wp-json\/wp\/v2\/users\/1"}],"replies":[{"embeddable":true,"href":"https:\/\/garo.org.tr\/home\/wp-json\/wp\/v2\/comments?post=584"}],"version-history":[{"count":13,"href":"https:\/\/garo.org.tr\/home\/wp-json\/wp\/v2\/pages\/584\/revisions"}],"predecessor-version":[{"id":14645,"href":"https:\/\/garo.org.tr\/home\/wp-json\/wp\/v2\/pages\/584\/revisions\/14645"}],"wp:attachment":[{"href":"https:\/\/garo.org.tr\/home\/wp-json\/wp\/v2\/media?parent=584"}],"curies":[{"name":"wp","href":"https:\/\/api.w.org\/{rel}","templated":true}]}}