{"id":812,"date":"2015-08-28T13:26:00","date_gmt":"2015-08-28T10:26:00","guid":{"rendered":"http:\/\/localhost\/demo2\/?page_id=812"},"modified":"2023-11-25T11:01:48","modified_gmt":"2023-11-25T08:01:48","slug":"hakkimizda","status":"publish","type":"page","link":"https:\/\/garo.org.tr\/home\/hakkimizda\/","title":{"rendered":"Hakk\u0131m\u0131zda"},"content":{"rendered":"\t\t<div data-elementor-type=\"wp-page\" data-elementor-id=\"812\" class=\"elementor elementor-812\" data-elementor-post-type=\"page\">\n\t\t\t\t\t\t<section class=\"elementor-section elementor-top-section elementor-element elementor-element-5e918e6d elementor-section-boxed elementor-section-height-default elementor-section-height-default\" data-id=\"5e918e6d\" data-element_type=\"section\" data-settings=\"{&quot;_ha_eqh_enable&quot;:false}\">\n\t\t\t\t\t\t<div class=\"elementor-container elementor-column-gap-default\">\n\t\t\t\t\t<article class=\"elementor-column elementor-col-100 elementor-top-column elementor-element elementor-element-6e9e19ca\" data-id=\"6e9e19ca\" data-element_type=\"column\">\n\t\t\t<div class=\"elementor-widget-wrap elementor-element-populated\">\n\t\t\t\t\t\t<div class=\"elementor-element elementor-element-72aebbf1 elementor-drop-cap-yes elementor-widget__width-auto elementor-drop-cap-view-default elementor-invisible elementor-widget elementor-widget-text-editor\" data-id=\"72aebbf1\" data-element_type=\"widget\" data-settings=\"{&quot;drop_cap&quot;:&quot;yes&quot;,&quot;motion_fx_motion_fx_scrolling&quot;:&quot;yes&quot;,&quot;_animation&quot;:&quot;fadeIn&quot;,&quot;motion_fx_devices&quot;:[&quot;desktop&quot;,&quot;tablet&quot;,&quot;mobile&quot;]}\" data-widget_type=\"text-editor.default\">\n\t\t\t\t<div class=\"elementor-widget-container\">\n\t\t\t\t\t\t\t\t\tGaziantep\u2019te 2002 y\u0131l\u0131nda a\u00e7\u0131lan rehberlik sertifika programlar\u0131 sonras\u0131nda b\u00f6lgede bulunan rehber\narkada\u015flar\u0131m\u0131zla 2002 y\u0131l\u0131nda Mehmet Severoglu ve 15 arkada\u015f\u0131 ile birlikte GARED derne\u011fini kuruldu.\nDerne\u011fimizin ilk ba\u015fkanl\u0131\u011f\u0131na Sadettin \u00d6zer arkada\u015f\u0131m\u0131z\u0131 se\u00e7ildi.2002 y\u0131l\u0131nda ba\u015flayan \u00f6rg\u00fctlenmemiz\n2013 y\u0131l\u0131nda Rehberlik yasas\u0131 ile birlikte 103 arkada\u015f\u0131m\u0131z\u0131n ba\u015fvurusuyla 6326 say\u0131l\u0131 Turist Rehberli\u011fi\nMeslek Kanunu h\u00fck\u00fcmleri gere\u011fince 11 Mart 2013 tarihinde K\u00fclt\u00fcr ve Turizm Bakanl\u0131\u011f\u0131n\u0131n onay\u0131\nile Gaziantep B\u00f6lgesel Turist Rehberleri Odas\u0131 kuruldu 8 May\u0131s 2013 tarihinde genel kurulunu\nyapan odam\u0131z ilk ba\u015fkanl\u0131\u011f\u0131na Mehmet Severoglu se\u00e7ildi. Odam\u0131z Gaziantep, Hatay, Malatya,\nKahramanmara\u015f ve Kilis illeri kapsayan b\u00f6lgede hizmet vermektedir. 2002 y\u0131l\u0131ndan bug\u00fcne kadar\neme\u011fi ge\u00e7en t\u00fcm Ba\u015fkan, Y\u00f6netim Kurulu \u00dcyelerine ve katk\u0131 veren meslekta\u015flar\u0131m\u0131za te\u015fekk\u00fcr\nederiz.\t\t\t\t\t\t\t\t<\/div>\n\t\t\t\t<\/div>\n\t\t\t\t\t<\/div>\n\t\t<\/article>\n\t\t\t\t\t<\/div>\n\t\t<\/section>\n\t\t\t\t<\/div>\n\t\t","protected":false},"excerpt":{"rendered":"<p>[et_pb_section admin_label=&#8221;section&#8221;] [et_pb_row admin_label=&#8221;row&#8221;] [et_pb_column type=&#8221;4_4&#8243;][et_pb_text admin_label=&#8221;Text&#8221;]Gaziantep\u2019te 2002 y\u0131l\u0131nda a\u00e7\u0131lan rehberlik sertifika programlar\u0131 sonras\u0131nda b\u00f6lgede bulunan rehber arkada\u015flar\u0131m\u0131zla 2002 y\u0131l\u0131nda Mehmet Severoglu ve 15 arkada\u015f\u0131 ile birlikte GARED derne\u011fini kuruldu. Derne\u011fimizin ilk ba\u015fkanl\u0131\u011f\u0131na Sadettin \u00d6zer arkada\u015f\u0131m\u0131z\u0131 se\u00e7ildi.2002 y\u0131l\u0131nda ba\u015flayan \u00f6rg\u00fctlenmemiz 2013 y\u0131l\u0131nda Rehberlik yasas\u0131 ile birlikte 103 arkada\u015f\u0131m\u0131z\u0131n ba\u015fvurusuyla 6326 say\u0131l\u0131 Turist Rehberli\u011fi Meslek Kanunu [&hellip;]<\/p>\n","protected":false},"author":1,"featured_media":0,"parent":0,"menu_order":0,"comment_status":"closed","ping_status":"closed","template":"","meta":{"_et_pb_use_builder":"on","_et_pb_old_content":"Gaziantep\u2019te 2002 y\u0131l\u0131nda a\u00e7\u0131lan rehberlik sertifika programlar\u0131 sonras\u0131nda b\u00f6lgede bulunan rehber\narkada\u015flar\u0131m\u0131zla 2002 y\u0131l\u0131nda Mehmet Severoglu ve 15 arkada\u015f\u0131 ile birlikte GARED derne\u011fini kuruldu.\nDerne\u011fimizin ilk ba\u015fkanl\u0131\u011f\u0131na Sadettin \u00d6zer arkada\u015f\u0131m\u0131z\u0131 se\u00e7ildi.2002 y\u0131l\u0131nda ba\u015flayan \u00f6rg\u00fctlenmemiz\n2013 y\u0131l\u0131nda Rehberlik yasas\u0131 ile birlikte 103 arkada\u015f\u0131m\u0131z\u0131n ba\u015fvurusuyla 6326 say\u0131l\u0131 Turist Rehberli\u011fi\nMeslek Kanunu h\u00fck\u00fcmleri gere\u011fince 11 Mart 2013 tarihinde K\u00fclt\u00fcr ve Turizm Bakanl\u0131\u011f\u0131n\u0131n onay\u0131\nile Gaziantep B\u00f6lgesel Turist Rehberleri Odas\u0131 kuruldu 8 May\u0131s 2013 tarihinde genel kurulunu\nyapan odam\u0131z ilk ba\u015fkanl\u0131\u011f\u0131na Mehmet Severoglu se\u00e7ildi. Odam\u0131z Gaziantep, Hatay, Malatya,\nKahramanmara\u015f ve Kilis illeri kapsayan b\u00f6lgede hizmet vermektedir. 2002 y\u0131l\u0131ndan bug\u00fcne kadar\neme\u011fi ge\u00e7en t\u00fcm Ba\u015fkan, Y\u00f6netim Kurulu \u00dcyelerine ve katk\u0131 veren meslekta\u015flar\u0131m\u0131za te\u015fekk\u00fcr\nederiz.<!-- Created with Elementor --><!-- Created with Elementor -->","_et_gb_content_width":"","footnotes":"","_joinchat":[]},"_links":{"self":[{"href":"https:\/\/garo.org.tr\/home\/wp-json\/wp\/v2\/pages\/812"}],"collection":[{"href":"https:\/\/garo.org.tr\/home\/wp-json\/wp\/v2\/pages"}],"about":[{"href":"https:\/\/garo.org.tr\/home\/wp-json\/wp\/v2\/types\/page"}],"author":[{"embeddable":true,"href":"https:\/\/garo.org.tr\/home\/wp-json\/wp\/v2\/users\/1"}],"replies":[{"embeddable":true,"href":"https:\/\/garo.org.tr\/home\/wp-json\/wp\/v2\/comments?post=812"}],"version-history":[{"count":7,"href":"https:\/\/garo.org.tr\/home\/wp-json\/wp\/v2\/pages\/812\/revisions"}],"predecessor-version":[{"id":13977,"href":"https:\/\/garo.org.tr\/home\/wp-json\/wp\/v2\/pages\/812\/revisions\/13977"}],"wp:attachment":[{"href":"https:\/\/garo.org.tr\/home\/wp-json\/wp\/v2\/media?parent=812"}],"curies":[{"name":"wp","href":"https:\/\/api.w.org\/{rel}","templated":true}]}}