{"id":814,"date":"2015-08-28T13:37:12","date_gmt":"2015-08-28T10:37:12","guid":{"rendered":"http:\/\/localhost\/demo2\/?page_id=814"},"modified":"2025-07-23T12:05:55","modified_gmt":"2025-07-23T09:05:55","slug":"baskan","status":"publish","type":"page","link":"https:\/\/garo.org.tr\/home\/baskan\/","title":{"rendered":"Ba\u015fkan"},"content":{"rendered":"<p>&nbsp;<\/p>\n<h2><img fetchpriority=\"high\" fetchpriority=\"high\" decoding=\"async\" style=\"color: #666666; font-size: 14px;\" src=\"https:\/\/garo.org.tr\/wp-content\/uploads\/selcuk_kusari-240x300.jpg\" alt=\"\" width=\"240\" height=\"300\" \/><\/h2>\n<h2>Sel\u00e7uk KU\u015eARI<\/h2>\n<p>BA\u015eKAN<\/p>\n<ul>\n<li><strong>Phone<\/strong>:\u00a0\u00a0<\/li>\n<li><strong>Email: <\/strong>info@garo.org.tr<\/li>\n<\/ul>\n","protected":false},"excerpt":{"rendered":"<p>&nbsp; Sel\u00e7uk KU\u015eARI BA\u015eKAN Phone:\u00a0\u00a0 Email: info@garo.org.tr<\/p>\n","protected":false},"author":1,"featured_media":0,"parent":0,"menu_order":0,"comment_status":"closed","ping_status":"open","template":"","meta":{"_et_pb_use_builder":"off","_et_pb_old_content":"","_et_gb_content_width":"","footnotes":"","_joinchat":[]},"_links":{"self":[{"href":"https:\/\/garo.org.tr\/home\/wp-json\/wp\/v2\/pages\/814"}],"collection":[{"href":"https:\/\/garo.org.tr\/home\/wp-json\/wp\/v2\/pages"}],"about":[{"href":"https:\/\/garo.org.tr\/home\/wp-json\/wp\/v2\/types\/page"}],"author":[{"embeddable":true,"href":"https:\/\/garo.org.tr\/home\/wp-json\/wp\/v2\/users\/1"}],"replies":[{"embeddable":true,"href":"https:\/\/garo.org.tr\/home\/wp-json\/wp\/v2\/comments?post=814"}],"version-history":[{"count":65,"href":"https:\/\/garo.org.tr\/home\/wp-json\/wp\/v2\/pages\/814\/revisions"}],"predecessor-version":[{"id":14379,"href":"https:\/\/garo.org.tr\/home\/wp-json\/wp\/v2\/pages\/814\/revisions\/14379"}],"wp:attachment":[{"href":"https:\/\/garo.org.tr\/home\/wp-json\/wp\/v2\/media?parent=814"}],"curies":[{"name":"wp","href":"https:\/\/api.w.org\/{rel}","templated":true}]}}