{"id":817,"date":"2015-08-28T13:42:24","date_gmt":"2015-08-28T10:42:24","guid":{"rendered":"http:\/\/localhost\/demo2\/?page_id=817"},"modified":"2025-07-30T22:14:34","modified_gmt":"2025-07-30T19:14:34","slug":"yonetim-kurulu","status":"publish","type":"page","link":"https:\/\/garo.org.tr\/home\/yonetim-kurulu\/","title":{"rendered":"Y\u00f6netim Kurulu"},"content":{"rendered":"<table style=\"border-collapse: collapse; width: 35.6723%; height: 196px;\" border=\"1\">\n<tbody>\n<tr style=\"height: 212px;\">\n<td style=\"width: 19.5578%; height: 176px; border-style: hidden;\"><a href=\"https:\/\/garo.org.tr\/home\/denetleme-kurulu\/ayse_akyol\/\" rel=\"attachment wp-att-14115\"><img decoding=\"async\" class=\"wp-image-14115 aligncenter\" src=\"https:\/\/garo.org.tr\/wp-content\/uploads\/ayse_akyol-240x300.jpg\" alt=\"\" width=\"136\" height=\"170\" \/><\/a><\/td>\n<td style=\"width: 19.6338%; height: 176px; border-style: hidden;\"><img decoding=\"async\" class=\"aligncenter\" src=\"http:\/\/garo.org.tr\/wp-content\/uploads\/IMG-20220225-WA0014.jpg\" alt=\"\" width=\"144\" height=\"173\" \/><\/td>\n<\/tr>\n<tr style=\"height: 79px;\">\n<td style=\"width: 19.5578%; height: 10px; text-align: center; border-style: hidden;\">\n<h2>Ay\u015fe Akyol<\/h2>\n<\/td>\n<td style=\"width: 19.6338%; height: 10px; text-align: center; border-style: hidden;\">\n<h2>Ali Velio\u011flu<\/h2>\n<\/td>\n<\/tr>\n<tr style=\"height: 23px;\">\n<td style=\"width: 19.5578%; height: 10px; text-align: center; border-style: hidden;\">Y\u00f6netim Kurulu \u00dcyesi<\/td>\n<td style=\"width: 19.6338%; height: 10px; text-align: center; border-style: hidden;\">Y\u00f6netim Kurulu \u00dcyesi<\/td>\n<\/tr>\n<\/tbody>\n<\/table>\n<table style=\"border-collapse: collapse; width: 35.9628%; height: 337px;\" border=\"1\">\n<tbody>\n<tr style=\"height: 212px;\">\n<td style=\"width: 18.274%; height: 148px; border-style: hidden;\"><a href=\"https:\/\/garo.org.tr\/home\/ramazan-erdogan\/burcakaltunay\/\" rel=\"attachment wp-att-13815\"><img decoding=\"async\" class=\"size-medium wp-image-13815 aligncenter\" src=\"https:\/\/garo.org.tr\/wp-content\/uploads\/BurcakAltunay-240x300.jpg\" alt=\"\" width=\"144\" height=\"180\" srcset=\"https:\/\/garo.org.tr\/wp-content\/uploads\/BurcakAltunay-240x300.jpg 240w, https:\/\/garo.org.tr\/wp-content\/uploads\/BurcakAltunay-824x1030.jpg 824w, https:\/\/garo.org.tr\/wp-content\/uploads\/BurcakAltunay-768x960.jpg 768w, https:\/\/garo.org.tr\/wp-content\/uploads\/BurcakAltunay-1229x1536.jpg 1229w, https:\/\/garo.org.tr\/wp-content\/uploads\/BurcakAltunay-200x250.jpg 200w, https:\/\/garo.org.tr\/wp-content\/uploads\/BurcakAltunay-400x500.jpg 400w, https:\/\/garo.org.tr\/wp-content\/uploads\/BurcakAltunay-600x750.jpg 600w, https:\/\/garo.org.tr\/wp-content\/uploads\/BurcakAltunay-800x1000.jpg 800w, https:\/\/garo.org.tr\/wp-content\/uploads\/BurcakAltunay-1200x1500.jpg 1200w, https:\/\/garo.org.tr\/wp-content\/uploads\/BurcakAltunay.jpg 1512w\" sizes=\"(max-width: 144px) 100vw, 144px\" \/><\/a><\/td>\n<td style=\"width: 11.4362%; height: 148px; border-style: hidden;\">\u00a0 \u00a0 \u00a0 \u00a0<img loading=\"lazy\" loading=\"lazy\" decoding=\"async\" src=\"https:\/\/garo.org.tr\/wp-content\/uploads\/cihan_kaplan.jpeg\" alt=\"\" width=\"144\" height=\"180\" \/><\/td>\n<\/tr>\n<tr style=\"height: 79px;\">\n<td style=\"width: 18.274%; height: 10px; text-align: center; border-style: hidden;\">\n<h2>Bur\u00e7ak Altunay<\/h2>\n<\/td>\n<td style=\"width: 11.4362%; height: 10px; text-align: center; border-style: hidden;\">\n<h2>Cihan Kaplan<\/h2>\n<\/td>\n<\/tr>\n<tr style=\"height: 23px;\">\n<td style=\"width: 18.274%; height: 23px; text-align: center; border-style: hidden;\">Y\u00f6netim Kurulu \u00dcyesi<\/td>\n<td style=\"width: 11.4362%; height: 23px; text-align: center; border-style: hidden;\">Y\u00f6netim Kurulu \u00dcyesi<\/td>\n<\/tr>\n<\/tbody>\n<\/table>\n<p>&nbsp;<\/p>\n<p><!-- .profile-body END --><\/p>\n","protected":false},"excerpt":{"rendered":"<p>Ay\u015fe Akyol Ali Velio\u011flu Y\u00f6netim Kurulu \u00dcyesi Y\u00f6netim Kurulu \u00dcyesi \u00a0 \u00a0 \u00a0 \u00a0 Bur\u00e7ak Altunay Cihan Kaplan Y\u00f6netim Kurulu \u00dcyesi Y\u00f6netim Kurulu \u00dcyesi &nbsp;<\/p>\n","protected":false},"author":1,"featured_media":0,"parent":0,"menu_order":0,"comment_status":"closed","ping_status":"closed","template":"","meta":{"_et_pb_use_builder":"off","_et_pb_old_content":"","_et_gb_content_width":"","footnotes":"","_joinchat":[]},"_links":{"self":[{"href":"https:\/\/garo.org.tr\/home\/wp-json\/wp\/v2\/pages\/817"}],"collection":[{"href":"https:\/\/garo.org.tr\/home\/wp-json\/wp\/v2\/pages"}],"about":[{"href":"https:\/\/garo.org.tr\/home\/wp-json\/wp\/v2\/types\/page"}],"author":[{"embeddable":true,"href":"https:\/\/garo.org.tr\/home\/wp-json\/wp\/v2\/users\/1"}],"replies":[{"embeddable":true,"href":"https:\/\/garo.org.tr\/home\/wp-json\/wp\/v2\/comments?post=817"}],"version-history":[{"count":28,"href":"https:\/\/garo.org.tr\/home\/wp-json\/wp\/v2\/pages\/817\/revisions"}],"predecessor-version":[{"id":14403,"href":"https:\/\/garo.org.tr\/home\/wp-json\/wp\/v2\/pages\/817\/revisions\/14403"}],"wp:attachment":[{"href":"https:\/\/garo.org.tr\/home\/wp-json\/wp\/v2\/media?parent=817"}],"curies":[{"name":"wp","href":"https:\/\/api.w.org\/{rel}","templated":true}]}}