{"id":833,"date":"2015-08-28T13:54:55","date_gmt":"2015-08-28T10:54:55","guid":{"rendered":"http:\/\/localhost\/demo2\/?page_id=833"},"modified":"2025-02-09T14:55:23","modified_gmt":"2025-02-09T11:55:23","slug":"delegeler","status":"publish","type":"page","link":"https:\/\/garo.org.tr\/home\/delegeler\/","title":{"rendered":"Delegeler"},"content":{"rendered":"<table style=\"border-collapse: collapse; width: 58.6508%; height: 326px;\" border=\"1\">\n<tbody>\n<tr style=\"height: 212px;\">\n<td style=\"width: 33.3333%; height: 212px; border-style: hidden;\"><img decoding=\"async\" class=\"aligncenter\" src=\"http:\/\/garo.org.tr\/wp-content\/uploads\/IMG-20220225-WA0014.jpg\" alt=\"\" width=\"144\" height=\"173\" \/><\/td>\n<td style=\"width: 33.3333%; height: 212px; border-style: hidden;\"><img decoding=\"async\" class=\"aligncenter\" src=\"http:\/\/garo.org.tr\/wp-content\/uploads\/IMG-20220124-WA0000-859x1030.jpg\" alt=\"\" width=\"144\" height=\"173\" \/><\/td>\n<\/tr>\n<tr style=\"height: 79px;\">\n<td style=\"width: 33.3333%; height: 79px; text-align: center; border-style: hidden;\">\n<h2>Ali Velio\u011flu<\/h2>\n<\/td>\n<td style=\"width: 33.3333%; height: 79px; text-align: center; border-style: hidden;\">\n<h2>A.Turgut G\u00fcng\u00f6r<\/h2>\n<\/td>\n<\/tr>\n<tr style=\"height: 23px;\">\n<td style=\"width: 33.3333%; height: 23px; text-align: center; border-style: hidden;\">Genel Kurul Delegesi<\/td>\n<td style=\"width: 33.3333%; height: 23px; text-align: center; border-style: hidden;\">Genel Kurul Delegesi<\/td>\n<\/tr>\n<\/tbody>\n<\/table>\n<p><!-- .profile-header END --><\/p>\n<h2>\u00a0<\/h2>\n<table style=\"border-collapse: collapse; width: 58.6508%; height: 326px;\" border=\"1\">\n<tbody>\n<tr style=\"height: 212px;\">\n<td style=\"width: 33.3333%; height: 212px; border-style: hidden;\"><img decoding=\"async\" class=\"aligncenter\" src=\"http:\/\/garo.org.tr\/wp-content\/uploads\/muratzekikara-860x1030.jpg\" alt=\"\" width=\"160\" height=\"192\" \/><\/td>\n<td style=\"width: 33.3333%; height: 212px; border-style: hidden;\"><img loading=\"lazy\" loading=\"lazy\" decoding=\"async\" class=\" wp-image-13821 aligncenter\" src=\"https:\/\/garo.org.tr\/wp-content\/uploads\/muratalpaslantekeoglu-1252x1500-1-250x300.jpg\" alt=\"\" width=\"149\" height=\"179\" srcset=\"https:\/\/garo.org.tr\/wp-content\/uploads\/muratalpaslantekeoglu-1252x1500-1-250x300.jpg 250w, https:\/\/garo.org.tr\/wp-content\/uploads\/muratalpaslantekeoglu-1252x1500-1-860x1030.jpg 860w, https:\/\/garo.org.tr\/wp-content\/uploads\/muratalpaslantekeoglu-1252x1500-1-768x920.jpg 768w, https:\/\/garo.org.tr\/wp-content\/uploads\/muratalpaslantekeoglu-1252x1500-1-200x240.jpg 200w, https:\/\/garo.org.tr\/wp-content\/uploads\/muratalpaslantekeoglu-1252x1500-1-400x479.jpg 400w, https:\/\/garo.org.tr\/wp-content\/uploads\/muratalpaslantekeoglu-1252x1500-1-600x719.jpg 600w, https:\/\/garo.org.tr\/wp-content\/uploads\/muratalpaslantekeoglu-1252x1500-1-800x958.jpg 800w, https:\/\/garo.org.tr\/wp-content\/uploads\/muratalpaslantekeoglu-1252x1500-1-1200x1438.jpg 1200w, https:\/\/garo.org.tr\/wp-content\/uploads\/muratalpaslantekeoglu-1252x1500-1.jpg 1252w\" sizes=\"(max-width: 149px) 100vw, 149px\" \/><\/td>\n<\/tr>\n<tr style=\"height: 79px;\">\n<td style=\"width: 33.3333%; height: 79px; text-align: center; border-style: hidden;\">\n<h2>M.Zeki Kara<\/h2>\n<\/td>\n<td style=\"width: 33.3333%; height: 79px; text-align: center; border-style: hidden;\">\n<h2>M. Alpaslan TEKEO\u011eLU<\/h2>\n<\/td>\n<\/tr>\n<tr style=\"height: 23px;\">\n<td style=\"width: 33.3333%; height: 23px; text-align: center; border-style: hidden;\">Genel Kurul Delegesi<\/td>\n<td style=\"width: 33.3333%; height: 23px; text-align: center; border-style: hidden;\">Genel Kurul Delegesi<\/td>\n<\/tr>\n<\/tbody>\n<\/table>\n<p><!-- .profile-header END --><\/p>\n<h2>\u00a0<\/h2>\n<p>&nbsp;<\/p>\n<p><!-- .profile-body END --><!-- .profile-header END --><\/p>\n<h2>\u00a0<\/h2>\n<p><!-- .profile-body END --><!-- .profile-header END --><\/p>\n<h2>\u00a0<\/h2>\n<p>&nbsp;<\/p>\n<p><!-- .profile-body END --><!-- Created with Elementor --><\/p>\n","protected":false},"excerpt":{"rendered":"<p>Ali Velio\u011flu A.Turgut G\u00fcng\u00f6r Genel Kurul Delegesi Genel Kurul Delegesi \u00a0 M.Zeki Kara M. Alpaslan TEKEO\u011eLU Genel Kurul Delegesi Genel Kurul Delegesi \u00a0 &nbsp; \u00a0 \u00a0 &nbsp;<\/p>\n","protected":false},"author":1,"featured_media":0,"parent":0,"menu_order":0,"comment_status":"closed","ping_status":"closed","template":"","meta":{"_et_pb_use_builder":"off","_et_pb_old_content":"","_et_gb_content_width":"","footnotes":"","_joinchat":[]},"_links":{"self":[{"href":"https:\/\/garo.org.tr\/home\/wp-json\/wp\/v2\/pages\/833"}],"collection":[{"href":"https:\/\/garo.org.tr\/home\/wp-json\/wp\/v2\/pages"}],"about":[{"href":"https:\/\/garo.org.tr\/home\/wp-json\/wp\/v2\/types\/page"}],"author":[{"embeddable":true,"href":"https:\/\/garo.org.tr\/home\/wp-json\/wp\/v2\/users\/1"}],"replies":[{"embeddable":true,"href":"https:\/\/garo.org.tr\/home\/wp-json\/wp\/v2\/comments?post=833"}],"version-history":[{"count":24,"href":"https:\/\/garo.org.tr\/home\/wp-json\/wp\/v2\/pages\/833\/revisions"}],"predecessor-version":[{"id":14114,"href":"https:\/\/garo.org.tr\/home\/wp-json\/wp\/v2\/pages\/833\/revisions\/14114"}],"wp:attachment":[{"href":"https:\/\/garo.org.tr\/home\/wp-json\/wp\/v2\/media?parent=833"}],"curies":[{"name":"wp","href":"https:\/\/api.w.org\/{rel}","templated":true}]}}