{"id":893,"date":"2015-08-28T15:51:50","date_gmt":"2015-08-28T12:51:50","guid":{"rendered":"http:\/\/localhost\/demo2\/?page_id=893"},"modified":"2025-02-09T15:43:45","modified_gmt":"2025-02-09T12:43:45","slug":"uyeler-uyari","status":"publish","type":"page","link":"https:\/\/garo.org.tr\/home\/uyeler-uyari\/","title":{"rendered":"\u00dcyeler Uyar\u0131"},"content":{"rendered":"<p>\nGaro&#8217; ya ait veritaban\u0131ndaki bu bilgileri K\u00fclt\u00fcr ve Turizm Bakanl\u0131\u011f\u0131 ve TUREB&#8217;in bu y\u0131l i\u00e7in saptad\u0131\u011f\u0131 Taban Rehberlik \u00fccretlerini \u00f6demeyi kabul ederek kullanabilece\u011fimi biliyorum.<\/p>\n<p><a href=\"https:\/\/garo.org.tr\/home\/elementor-13245\/\">Kabul Ediyorum<\/a> \u00a0 \u00a0 \u00a0 \u00a0 \u00a0 \u00a0 \u00a0 \u00a0 \u00a0 \u00a0 \u00a0 \u00a0 \u00a0 \u00a0 Kabul Etmiyorum<\/p>\n","protected":false},"excerpt":{"rendered":"<p>Garo&#8217; ya ait veritaban\u0131ndaki bu bilgileri K\u00fclt\u00fcr ve Turizm Bakanl\u0131\u011f\u0131 ve TUREB&#8217;in bu y\u0131l i\u00e7in saptad\u0131\u011f\u0131 Taban Rehberlik \u00fccretlerini \u00f6demeyi kabul ederek kullanabilece\u011fimi biliyorum. Kabul Ediyorum \u00a0 \u00a0 \u00a0 \u00a0 \u00a0 \u00a0 \u00a0 \u00a0 \u00a0 \u00a0 \u00a0 \u00a0 \u00a0 \u00a0 Kabul Etmiyorum<\/p>\n","protected":false},"author":1,"featured_media":0,"parent":0,"menu_order":0,"comment_status":"open","ping_status":"open","template":"","meta":{"_et_pb_use_builder":"","_et_pb_old_content":"","_et_gb_content_width":"","footnotes":"","_joinchat":[]},"_links":{"self":[{"href":"https:\/\/garo.org.tr\/home\/wp-json\/wp\/v2\/pages\/893"}],"collection":[{"href":"https:\/\/garo.org.tr\/home\/wp-json\/wp\/v2\/pages"}],"about":[{"href":"https:\/\/garo.org.tr\/home\/wp-json\/wp\/v2\/types\/page"}],"author":[{"embeddable":true,"href":"https:\/\/garo.org.tr\/home\/wp-json\/wp\/v2\/users\/1"}],"replies":[{"embeddable":true,"href":"https:\/\/garo.org.tr\/home\/wp-json\/wp\/v2\/comments?post=893"}],"version-history":[{"count":2,"href":"https:\/\/garo.org.tr\/home\/wp-json\/wp\/v2\/pages\/893\/revisions"}],"predecessor-version":[{"id":14133,"href":"https:\/\/garo.org.tr\/home\/wp-json\/wp\/v2\/pages\/893\/revisions\/14133"}],"wp:attachment":[{"href":"https:\/\/garo.org.tr\/home\/wp-json\/wp\/v2\/media?parent=893"}],"curies":[{"name":"wp","href":"https:\/\/api.w.org\/{rel}","templated":true}]}}