{"id":950,"date":"2015-08-28T17:54:13","date_gmt":"2015-08-28T14:54:13","guid":{"rendered":"http:\/\/localhost\/demo2\/?page_id=950"},"modified":"2025-07-31T15:38:06","modified_gmt":"2025-07-31T12:38:06","slug":"mevzuat-2","status":"publish","type":"page","link":"https:\/\/garo.org.tr\/home\/mevzuat-2\/","title":{"rendered":"Mevzuat"},"content":{"rendered":"\t\t<div data-elementor-type=\"wp-page\" data-elementor-id=\"950\" class=\"elementor elementor-950\" data-elementor-post-type=\"page\">\n\t\t\t\t\t\t<section class=\"elementor-section elementor-top-section elementor-element elementor-element-8cc7c07 elementor-section-boxed elementor-section-height-default elementor-section-height-default\" data-id=\"8cc7c07\" data-element_type=\"section\" data-settings=\"{&quot;_ha_eqh_enable&quot;:false}\">\n\t\t\t\t\t\t<div class=\"elementor-container elementor-column-gap-default\">\n\t\t\t\t\t<div class=\"elementor-column elementor-col-100 elementor-top-column elementor-element elementor-element-72f3c994\" data-id=\"72f3c994\" data-element_type=\"column\">\n\t\t\t<div class=\"elementor-widget-wrap elementor-element-populated\">\n\t\t\t\t\t\t<div class=\"elementor-element elementor-element-5d578aa0 elementor-widget elementor-widget-text-editor\" data-id=\"5d578aa0\" data-element_type=\"widget\" data-widget_type=\"text-editor.default\">\n\t\t\t\t<div class=\"elementor-widget-container\">\n\t\t\t\t\t\t\t\t\t<p><a style=\"font-family: var( --e-global-typography-text-font-family ), Sans-serif; font-weight: var( --e-global-typography-text-font-weight ); background-color: #ffffff; letter-spacing: 0px;\" href=\"https:\/\/garo.org.tr\/home\/yasa\/\">Yasa<\/a><\/p>\n<p><a href=\"https:\/\/garo.org.tr\/home\/mevzuat-2\/yonetmelik\/\">Y\u00f6netmelik<\/a><\/p>\n<p><a href=\"https:\/\/garo.org.tr\/home\/sozlesmeler\/\">S\u00f6zle\u015fmeler<\/a><\/p>\n<p>\u00a0<\/p>\t\t\t\t\t\t\t\t<\/div>\n\t\t\t\t<\/div>\n\t\t\t\t\t<\/div>\n\t\t<\/div>\n\t\t\t\t\t<\/div>\n\t\t<\/section>\n\t\t\t\t<\/div>\n\t\t","protected":false},"excerpt":{"rendered":"<p>Yasa Y\u00f6netmelik S\u00f6zle\u015fmeler \u00a0<\/p>\n","protected":false},"author":1,"featured_media":0,"parent":0,"menu_order":0,"comment_status":"closed","ping_status":"open","template":"elementor_theme","meta":{"_et_pb_use_builder":"","_et_pb_old_content":"","_et_gb_content_width":"","footnotes":"","_joinchat":[]},"_links":{"self":[{"href":"https:\/\/garo.org.tr\/home\/wp-json\/wp\/v2\/pages\/950"}],"collection":[{"href":"https:\/\/garo.org.tr\/home\/wp-json\/wp\/v2\/pages"}],"about":[{"href":"https:\/\/garo.org.tr\/home\/wp-json\/wp\/v2\/types\/page"}],"author":[{"embeddable":true,"href":"https:\/\/garo.org.tr\/home\/wp-json\/wp\/v2\/users\/1"}],"replies":[{"embeddable":true,"href":"https:\/\/garo.org.tr\/home\/wp-json\/wp\/v2\/comments?post=950"}],"version-history":[{"count":13,"href":"https:\/\/garo.org.tr\/home\/wp-json\/wp\/v2\/pages\/950\/revisions"}],"predecessor-version":[{"id":14434,"href":"https:\/\/garo.org.tr\/home\/wp-json\/wp\/v2\/pages\/950\/revisions\/14434"}],"wp:attachment":[{"href":"https:\/\/garo.org.tr\/home\/wp-json\/wp\/v2\/media?parent=950"}],"curies":[{"name":"wp","href":"https:\/\/api.w.org\/{rel}","templated":true}]}}